{"id":23,"date":"2019-06-27T08:48:16","date_gmt":"2019-06-27T08:48:16","guid":{"rendered":"https:\/\/puruno.com\/kastel\/hotel-term-condition\/"},"modified":"2020-03-07T05:31:49","modified_gmt":"2020-03-07T02:31:49","slug":"hotel-term-condition","status":"publish","type":"page","link":"https:\/\/www.arionresort.com\/en\/hotel-term-condition\/","title":{"rendered":"Reservation Terms and Conditions"},"content":{"rendered":"<div><div class=\"row vc_row wpb_row vc_row-fluid vc_custom_1545307477944\"  data-overlay-color=\"\" data-color=\"\"  ><div class=\"extended_bg\"><div class=\"row-image-overlay\"><\/div><\/div><div class=\"wpb_column vc_column_container vc_col-md-12\"  ><div class=\"vc_column-inner\" ><div data-kastel-parallax=\"1\" style=\"background-image: url()\" class=\"extended_bg kastel-parallax\"><\/div><div class=\"wpb_wrapper\"><div class=\"heading-with-separator text-left id_16a06efed8ac29228111344  vc_custom_1583547392953\"><div class=\"header-content\">\n\t\t\t<div class=\"font-italic\" style=\"\"><\/div>\n\t\t\t<h3 class=\"heading\" style=\"; \">Reservation Terms and Conditions<\/h3>\n\t\t\t<div class=\"separator\"><svg class=\"decor\" width=\"20px\" style=\"\" height=\"20px\" viewbox=\"0 0 39 39\" version=\"1.1\" xmlns=\"http:\/\/www.w3.org\/2000\/svg\"><line x1=\"3px\" x2=\"6px\" y1=\"3px\" y2=\"6px\" stroke-width=\"3px\"\/>\n\t\t\t\t<line x1=\"33px\" x2=\"36px\" y1=\"6px\" y2=\"3px\" stroke-width=\"3px\"\/>\n\t\t\t\t<line x1=\"3px\" x2=\"6px\" y1=\"36px\" y2=\"33px\" stroke-width=\"3\"\/>\n\t\t\t\t<line x1=\"33px\" x2=\"36px\" y1=\"33px\" y2=\"36px\" stroke-width=\"3\"\/>\n\t\t\t\t<rect x=\"6px\" y=\"6px\" width=\"27px\" height=\"27px\" fill=\"transparent\" stroke-width=\"3px\"\/>\n\t\t\t\t<rect x=\"12px\" y=\"12px\" width=\"15px\" height=\"15px\" fill=\"transparent\" stroke-width=\"3px\"\/>\n\t\t\t\t<rect x=\"18px\" y=\"18px\" width=\"3px\" height=\"3px\" stroke-width=\"3px\"\/>\n\t\t\t<\/svg><\/div>\n\t\t\t<\/div><\/div>\n\t<div class=\"wpb_text_column wpb_content_element  vc_custom_1583547424063\" >\n\t\t<div class=\"wpb_wrapper\">\n\t\t\t<p style=\"margin: 0px 0px 20px; padding: 0px; border: 0px; font-family: HelveticaNeue, 'Helvetica Neue', Helvetica, Arial, sans-serif; font-size: 12px; font-stretch: inherit; line-height: inherit; vertical-align: baseline; caret-color: #525252; color: #525252;\" align=\"justify\">When the reservation form which is signed by the Guests of the Arion Resort Hotel reaches the registered office of the Hotel, in the way of written form or by e-mail, the parties will be bind upon the contract conditions which are written above and accepted mutually by the parties. Arion Resort Hotel whose registered office is in \u0130stanbul-Turkey is referred as HOTEL, and the party of the contract who buys a night to spend in the Hotel is referred as GUESTS in this agreement.<\/p>\n\n\t\t<\/div>\n\t<\/div>\n<div class=\"vc_tta-container\" data-vc-action=\"collapseAll\"><div class=\"vc_general vc_tta vc_tta-accordion vc_tta-o-shape-group vc_tta-controls-align-left vc_tta-o-all-clickable\" data-accent=\"\"><div class=\"vc_tta-panels-container\"><div class=\"vc_tta-panels\"><div class=\"vc_tta-panel\" id=\"1545306888115-d97c7ebd-7430\" data-vc-content=\".vc_tta-panel-body\"><div class=\"vc_tta-panel-heading\"><h4 class=\"vc_tta-panel-title vc_tta-controls-icon-position-left\"><a href=\"#1545306888115-d97c7ebd-7430\" data-vc-accordion data-vc-container=\".vc_tta-container\"><span class=\"vc_tta-title-text\">HOLIDAY AGREEMENT<\/span><i class=\"vc_tta-controls-icon vc_tta-controls-icon-plus\"><\/i><span><\/span><\/a><\/h4><\/div><div class=\"vc_tta-panel-body\">\n\t<div class=\"wpb_text_column wpb_content_element\" >\n\t\t<div class=\"wpb_wrapper\">\n\t\t\t<p>At Arion Resort Hotel, reservation requests are confirmed only after the reservation form which is signed by the Guest reaches to the Hotel\u2019s Istanbul office. Reservation requests may be sent by our web reservation form at https:\/\/www.arionresort.com, by fax or by e-mail. The reservation will become absolute after the Office\u2019s confirmation.\n\nThe general reservation clauses are going to prevail at the time when the Guests reservation verbally is ratified by the Hotel in a written form or in the way of e-mail. The Hotel has no liability and responsibility about other matters which are not set in the Hotel\u2019s brochure and internet address. Also any advice or information given to the Guests by a Travel Agencies or other individual can not cause the Hotel\u2019s responsibility.<\/p>\n\n\t\t<\/div>\n\t<\/div>\n<\/div><\/div><div class=\"vc_tta-panel\" id=\"1545306888145-0217d0e0-3002\" data-vc-content=\".vc_tta-panel-body\"><div class=\"vc_tta-panel-heading\"><h4 class=\"vc_tta-panel-title vc_tta-controls-icon-position-left\"><a href=\"#1545306888145-0217d0e0-3002\" data-vc-accordion data-vc-container=\".vc_tta-container\"><span class=\"vc_tta-title-text\">PRICES<\/span><i class=\"vc_tta-controls-icon vc_tta-controls-icon-plus\"><\/i><span><\/span><\/a><\/h4><\/div><div class=\"vc_tta-panel-body\">\n\t<div class=\"wpb_text_column wpb_content_element\" >\n\t\t<div class=\"wpb_wrapper\">\n\t\t\t<p>The accommodation costs are published at the Hotel\u2019s web site. The accommodation cost includes overnight stay at the Hotel + breakfast + holiday insurance premium per person\/per night. 8% tax will be added at the check-out. If there would be a case of currency exchange, the exchange rates at the reservation confirmation date will be taken into consideration.<\/p>\n\n\t\t<\/div>\n\t<\/div>\n<\/div><\/div><div class=\"vc_tta-panel\" id=\"1545307091241-5957ee24-4b03\" data-vc-content=\".vc_tta-panel-body\"><div class=\"vc_tta-panel-heading\"><h4 class=\"vc_tta-panel-title vc_tta-controls-icon-position-left\"><a href=\"#1545307091241-5957ee24-4b03\" data-vc-accordion data-vc-container=\".vc_tta-container\"><span class=\"vc_tta-title-text\">RESERVATION<\/span><i class=\"vc_tta-controls-icon vc_tta-controls-icon-plus\"><\/i><span><\/span><\/a><\/h4><\/div><div class=\"vc_tta-panel-body\">\n\t<div class=\"wpb_text_column wpb_content_element\" >\n\t\t<div class=\"wpb_wrapper\">\n\t\t\t<p>After the Guest\u2019s or Travel Agency\u2019s reservation request is made, a deposit of 10% of the total accommodation cost must be paid for the Hotel to confirm that request; otherwise the Hotel can not be kept responsible for the validity of the reservation. These payments can be made in cash to the Istan-bul office or to the Hotel\u2019s bank account. The Hotel can announce special discounted prices for several reasons as seasonality, room abundance and etc. While It has the right to increase these prices before any reservation is made.<\/p>\n\n\t\t<\/div>\n\t<\/div>\n<\/div><\/div><div class=\"vc_tta-panel\" id=\"1545307176686-dce25023-e300\" data-vc-content=\".vc_tta-panel-body\"><div class=\"vc_tta-panel-heading\"><h4 class=\"vc_tta-panel-title vc_tta-controls-icon-position-left\"><a href=\"#1545307176686-dce25023-e300\" data-vc-accordion data-vc-container=\".vc_tta-container\"><span class=\"vc_tta-title-text\">CHANGES<\/span><i class=\"vc_tta-controls-icon vc_tta-controls-icon-plus\"><\/i><span><\/span><\/a><\/h4><\/div><div class=\"vc_tta-panel-body\">\n\t<div class=\"wpb_text_column wpb_content_element\" >\n\t\t<div class=\"wpb_wrapper\">\n\t\t\t<p>In case the confirmed reservations are intended to be changed by the Guests, the demands regarding this change should be notified to the Hotel at least two months ago from the reservation date. The timely made reservation change demands are accepted in case the Hotel is available in the desired period while the increase in the prices are demanded as an addition and the decrease in the prices are evaluated for the benefit of the Guest.<\/p>\n\n\t\t<\/div>\n\t<\/div>\n<\/div><\/div><div class=\"vc_tta-panel\" id=\"1545307210546-9868187b-3537\" data-vc-content=\".vc_tta-panel-body\"><div class=\"vc_tta-panel-heading\"><h4 class=\"vc_tta-panel-title vc_tta-controls-icon-position-left\"><a href=\"#1545307210546-9868187b-3537\" data-vc-accordion data-vc-container=\".vc_tta-container\"><span class=\"vc_tta-title-text\">CANCELLATION<\/span><i class=\"vc_tta-controls-icon vc_tta-controls-icon-plus\"><\/i><span><\/span><\/a><\/h4><\/div><div class=\"vc_tta-panel-body\">\n\t<div class=\"wpb_text_column wpb_content_element\" >\n\t\t<div class=\"wpb_wrapper\">\n\t\t\t<p>Cancellation of booking can only be valid in case the notation is made in the written form by the Guest and according to the listed rules below. A refund will be paid excluding any insurance premiums amendment charges, less these following cancellation fees :\n100% refund 43 days or earlier from the reservation day, 50% between 42-28 days, 25% between 27-15 days. If a cancellation request is made before 14 days or later, no refund will be done.<\/p>\n\n\t\t<\/div>\n\t<\/div>\n<\/div><\/div><div class=\"vc_tta-panel\" id=\"1545307228991-15a37b5d-e944\" data-vc-content=\".vc_tta-panel-body\"><div class=\"vc_tta-panel-heading\"><h4 class=\"vc_tta-panel-title vc_tta-controls-icon-position-left\"><a href=\"#1545307228991-15a37b5d-e944\" data-vc-accordion data-vc-container=\".vc_tta-container\"><span class=\"vc_tta-title-text\">RESERVATION CHANGE BY THE HOTEL<\/span><i class=\"vc_tta-controls-icon vc_tta-controls-icon-plus\"><\/i><span><\/span><\/a><\/h4><\/div><div class=\"vc_tta-panel-body\">\n\t<div class=\"wpb_text_column wpb_content_element\" >\n\t\t<div class=\"wpb_wrapper\">\n\t\t\t<p>The hotel has the right to change, but this right is used exceptionally and when force majeure arises. Although the hotel is not obliged to notify the changes in advance, the relevant person will be informed as soon as possible. If the changes made by the guests who have made the reservation are not accepted, the payments made will be refunded.<\/p>\n\n\t\t<\/div>\n\t<\/div>\n<\/div><\/div><div class=\"vc_tta-panel\" id=\"1581384662067-8769a42e-ebd0\" data-vc-content=\".vc_tta-panel-body\"><div class=\"vc_tta-panel-heading\"><h4 class=\"vc_tta-panel-title vc_tta-controls-icon-position-left\"><a href=\"#1581384662067-8769a42e-ebd0\" data-vc-accordion data-vc-container=\".vc_tta-container\"><span class=\"vc_tta-title-text\">RESERVATION CANCELLATION BY THE HOTEL<\/span><i class=\"vc_tta-controls-icon vc_tta-controls-icon-plus\"><\/i><span><\/span><\/a><\/h4><\/div><div class=\"vc_tta-panel-body\">\n\t<div class=\"wpb_text_column wpb_content_element\" >\n\t\t<div class=\"wpb_wrapper\">\n\t\t\t<p>The Hotel, in any circumstance, reserves the right to cancel a booking. However, in any case this cancellation will be done less than two months before the scheduled check-in date unless it is for reasons outside the Hotel\u2019s control or for late or non-payment by the Guest(s). If the Hotel cancels the holiday other than late or non-payment cause, it will offer the Guest(s) an alternative holiday of comparable type or full refund of payment received excluding insurance premiums or previous administrative charges. <\/p>\n\n\t\t<\/div>\n\t<\/div>\n<\/div><\/div><div class=\"vc_tta-panel\" id=\"1581384687844-f381140b-6a66\" data-vc-content=\".vc_tta-panel-body\"><div class=\"vc_tta-panel-heading\"><h4 class=\"vc_tta-panel-title vc_tta-controls-icon-position-left\"><a href=\"#1581384687844-f381140b-6a66\" data-vc-accordion data-vc-container=\".vc_tta-container\"><span class=\"vc_tta-title-text\">DOCUMENTATION<\/span><i class=\"vc_tta-controls-icon vc_tta-controls-icon-plus\"><\/i><span><\/span><\/a><\/h4><\/div><div class=\"vc_tta-panel-body\">\n\t<div class=\"wpb_text_column wpb_content_element\" >\n\t\t<div class=\"wpb_wrapper\">\n\t\t\t<p>The Guests coming abroad have the responsibility to procure the correct documentation for entry to Turkey. Any charge that the Hotel incurs as a result of the failure to obtain the correct documentation shall be reimbursed by the Guest(s) to the Hotel accordingly. It is under the Guests\u2019 responsibility to seek and apply the advisory conditions about the travel and medical information about entrance and exit to Turkey.<\/p>\n\n\t\t<\/div>\n\t<\/div>\n<\/div><\/div><div class=\"vc_tta-panel\" id=\"1581384716144-d03c26fe-691a\" data-vc-content=\".vc_tta-panel-body\"><div class=\"vc_tta-panel-heading\"><h4 class=\"vc_tta-panel-title vc_tta-controls-icon-position-left\"><a href=\"#1581384716144-d03c26fe-691a\" data-vc-accordion data-vc-container=\".vc_tta-container\"><span class=\"vc_tta-title-text\">CONDITIONS OF CARRIAGE AND ACCOMODATION<\/span><i class=\"vc_tta-controls-icon vc_tta-controls-icon-plus\"><\/i><span><\/span><\/a><\/h4><\/div><div class=\"vc_tta-panel-body\">\n\t<div class=\"wpb_text_column wpb_content_element\" >\n\t\t<div class=\"wpb_wrapper\">\n\t\t\t<p>The Hotel does not have any responsibility about carriage, transfer and transfer reservation except the stipulations of the Hotel which were accepted in a written form. Each journey that the Guests booked by land, sea or air is governed by the conditions of the carrier undertaking to provide the carriage. In these circumstances, the international agreements are going to apply to the foreign Guests. It is under the Guests\u2019 own responsibility to reconfirm their flights prior to departure in each direction. This service will be generally provided by the Hotel in the presence of the Guests\u2019 demand, for the outbound journey flights and as a ground handling agent to reconfirm the flights.<\/p>\n\n\t\t<\/div>\n\t<\/div>\n<\/div><\/div><div class=\"vc_tta-panel\" id=\"1581384743650-bad26022-5782\" data-vc-content=\".vc_tta-panel-body\"><div class=\"vc_tta-panel-heading\"><h4 class=\"vc_tta-panel-title vc_tta-controls-icon-position-left\"><a href=\"#1581384743650-bad26022-5782\" data-vc-accordion data-vc-container=\".vc_tta-container\"><span class=\"vc_tta-title-text\">MANAGEMENT<\/span><i class=\"vc_tta-controls-icon vc_tta-controls-icon-plus\"><\/i><span><\/span><\/a><\/h4><\/div><div class=\"vc_tta-panel-body\">\n\t<div class=\"wpb_text_column wpb_content_element\" >\n\t\t<div class=\"wpb_wrapper\">\n\t\t\t<p>The existence of the Guest(s)\u2019 behaviour which causes distress, damage, annoyance or danger to any other person, the Hotel reserves the right in its absolute discretion to terminate the holiday arrangements without notice or caution and to take these Guests out of the Hotel. In such circumstanc-es, no compensation or refund is due. And as a result of that, if the Hotel incurs any damage or charge, the Hotel reserves the right to demand to recompense these damages.<\/p>\n\n\t\t<\/div>\n\t<\/div>\n<\/div><\/div><div class=\"vc_tta-panel\" id=\"1581384761951-64c3da29-acde\" data-vc-content=\".vc_tta-panel-body\"><div class=\"vc_tta-panel-heading\"><h4 class=\"vc_tta-panel-title vc_tta-controls-icon-position-left\"><a href=\"#1581384761951-64c3da29-acde\" data-vc-accordion data-vc-container=\".vc_tta-container\"><span class=\"vc_tta-title-text\">UNUSED SERVICES<\/span><i class=\"vc_tta-controls-icon vc_tta-controls-icon-plus\"><\/i><span><\/span><\/a><\/h4><\/div><div class=\"vc_tta-panel-body\">\n\t<div class=\"wpb_text_column wpb_content_element\" >\n\t\t<div class=\"wpb_wrapper\">\n\t\t\t<p>The Guests do not have the right to demand repayment from the Hotel, because of the unused overnight stays as a reason of earlier departure and etc. In such circumstances, the Hotel has the right to demand and recompense the total price equivalent the overnight stay reservations made by the Guests.<\/p>\n\n\t\t<\/div>\n\t<\/div>\n<\/div><\/div><div class=\"vc_tta-panel\" id=\"1581384811107-07f6f0f1-89bf\" data-vc-content=\".vc_tta-panel-body\"><div class=\"vc_tta-panel-heading\"><h4 class=\"vc_tta-panel-title vc_tta-controls-icon-position-left\"><a href=\"#1581384811107-07f6f0f1-89bf\" data-vc-accordion data-vc-container=\".vc_tta-container\"><span class=\"vc_tta-title-text\">INSURANCE<\/span><i class=\"vc_tta-controls-icon vc_tta-controls-icon-plus\"><\/i><span><\/span><\/a><\/h4><\/div><div class=\"vc_tta-panel-body\">\n\t<div class=\"wpb_text_column wpb_content_element\" >\n\t\t<div class=\"wpb_wrapper\">\n\t\t\t<p>The Guests, for the period starting from their arrival up to their departure date, will be inclusive to the fully comprehensive insurance which expenses will be covered\/paid by the Hotel. The insurance ends at the time of departure date. The Guests have the choice to prolong the insurance up to the time, according where they have planned to arrive, as travel insurance. The right to prolong the insurance is going to be rescinded by itself for the Guests who did not demand to prolong the insurance in a written form before leaving the Hotel.<\/p>\n\n\t\t<\/div>\n\t<\/div>\n<\/div><\/div><div class=\"vc_tta-panel\" id=\"1581384810459-99e6e8a9-0c2c\" data-vc-content=\".vc_tta-panel-body\"><div class=\"vc_tta-panel-heading\"><h4 class=\"vc_tta-panel-title vc_tta-controls-icon-position-left\"><a href=\"#1581384810459-99e6e8a9-0c2c\" data-vc-accordion data-vc-container=\".vc_tta-container\"><span class=\"vc_tta-title-text\">APPLICABLE LAW<\/span><i class=\"vc_tta-controls-icon vc_tta-controls-icon-plus\"><\/i><span><\/span><\/a><\/h4><\/div><div class=\"vc_tta-panel-body\">\n\t<div class=\"wpb_text_column wpb_content_element\" >\n\t\t<div class=\"wpb_wrapper\">\n\t\t\t<p>This booking contract conditions between the Hotel and Guests are governed by and construed in accordance with Turkish Law. Both parties are agree that; any disputes arising out related with this contract between parties is going to be solved by the rules of Turkish Law as a valid law and \u0130stanbul Courts and Enforcement Offices in Turkey have been authorized according to this contract.<\/p>\n\n\t\t<\/div>\n\t<\/div>\n<\/div><\/div><\/div><\/div><\/div><\/div><\/div><\/div><\/div><\/div><\/div>","protected":false},"excerpt":{"rendered":"Rezervasyon Ko\u015fullar\u0131 Arion Resort Otel konuklar\u0131, rezervasyon formunu imzalayarak form \u015feklinde veya info@arionresort.com adresine g\u00f6nderdiklerinde taraflar, a\u015fa\u011f\u0131daki ko\u015fullar\u0131 kar\u015f\u0131l\u0131kl\u0131 olarak kabul etmi\u015f, s\u00f6zle\u015fme ile ba\u011flanm\u0131\u015f say\u0131l\u0131rlar. S\u00f6zle\u015fmede Arion Resort Otel (Otel) olarak, Otelden geceleme sat\u0131n alanlar (konuk) olarak an\u0131lacaklard\u0131r. TAT\u0130L S\u00d6ZLE\u015eMES\u0130 Arion Resort Otel\u2019de konaklama talepleri yaz\u0131l\u0131 ve talepte bulunan taraf\u0131ndan imzal\u0131 rezervasyon formu'nun info@arionresort.com [...]","protected":false},"author":1,"featured_media":0,"parent":0,"menu_order":0,"comment_status":"closed","ping_status":"closed","template":"","meta":{"footnotes":""},"class_list":["post-23","page","type-page","status-publish","hentry"],"_links":{"self":[{"href":"https:\/\/www.arionresort.com\/en\/wp-json\/wp\/v2\/pages\/23","targetHints":{"allow":["GET"]}}],"collection":[{"href":"https:\/\/www.arionresort.com\/en\/wp-json\/wp\/v2\/pages"}],"about":[{"href":"https:\/\/www.arionresort.com\/en\/wp-json\/wp\/v2\/types\/page"}],"author":[{"embeddable":true,"href":"https:\/\/www.arionresort.com\/en\/wp-json\/wp\/v2\/users\/1"}],"replies":[{"embeddable":true,"href":"https:\/\/www.arionresort.com\/en\/wp-json\/wp\/v2\/comments?post=23"}],"version-history":[{"count":12,"href":"https:\/\/www.arionresort.com\/en\/wp-json\/wp\/v2\/pages\/23\/revisions"}],"predecessor-version":[{"id":2837,"href":"https:\/\/www.arionresort.com\/en\/wp-json\/wp\/v2\/pages\/23\/revisions\/2837"}],"wp:attachment":[{"href":"https:\/\/www.arionresort.com\/en\/wp-json\/wp\/v2\/media?parent=23"}],"curies":[{"name":"wp","href":"https:\/\/api.w.org\/{rel}","templated":true}]}}